{"id":2,"date":"2018-12-26T17:59:01","date_gmt":"2018-12-26T17:59:01","guid":{"rendered":"http:\/\/imarques.info\/confraria\/?page_id=2"},"modified":"2022-05-03T08:25:31","modified_gmt":"2022-05-03T06:25:31","slug":"pagina-ejemplo","status":"publish","type":"page","link":"https:\/\/jesusdenatzaret.com\/","title":{"rendered":"Bienvenida"},"content":{"rendered":"\n<div class=\"wp-block-image\"><figure class=\"alignleft\"><img loading=\"lazy\" decoding=\"async\" width=\"110\" height=\"122\" src=\"http:\/\/imarques.info\/confraria\/wp-content\/uploads\/2018\/12\/Pedro.jpg\" alt=\"\" class=\"wp-image-25\"\/><\/figure><\/div>\n\n\n\n<p class=\"has-medium-font-size\"> A continuaci\u00f3n os dejamos unas palabras de nuestro presidente.<\/p>\n\n\n\n<p><\/p>\n\n\n\n<blockquote class=\"wp-block-quote is-layout-flow wp-block-quote-is-layout-flow\"><p>Bienvenidos a la p\u00e1gina web de la cofrad\u00eda de Jes\u00fas de Nazaret, con la que os queremos informar de todo lo que nos rodea, os aconsejamos que nos visit\u00e9is y conozc\u00e1is nuestra historia.<\/p><p>Con ilusi\u00f3n renovada y con la tarea de una nueva junta con muchas ganas de trabajar para conseguir dar un nuevo empuje a nuestra cofrad\u00eda, os animamos a participar con nosotros para todos juntos hacer llegar el sentido y el sentimiento que representa la celebraci\u00f3n de los actos de la Semana Santa y muy especialmente la procesi\u00f3n del Viernes Santo.<\/p><p>Necesitamos la colaboraci\u00f3n de todo el mundo, deberemos ser muchos para seguir adelante con esta tradici\u00f3n de la que \u00edntimamente nos sentimos orgullosos y continuar y fomentar la fe mediante el respeto que como cristianos nos merece la Pasi\u00f3n de Nuestro Se\u00f1or.<\/p><p>Desde este mismo instante esperamos darte la bienvenida como nuevo cofrade de la Cofrad\u00eda de Jes\u00fas de Nazaret.<\/p><\/blockquote>\n","protected":false},"excerpt":{"rendered":"<p>A continuaci\u00f3n os dejamos unas palabras de nuestro presidente. Bienvenidos a la p\u00e1gina web de la cofrad\u00eda de Jes\u00fas de&nbsp;[&hellip;]<\/p>\n","protected":false},"author":1,"featured_media":0,"parent":0,"menu_order":0,"comment_status":"closed","ping_status":"open","template":"","meta":{"pgc_sgb_lightbox_settings":"","footnotes":""},"class_list":["post-2","page","type-page","status-publish","hentry","post-item clearfix"],"_links":{"self":[{"href":"https:\/\/jesusdenatzaret.com\/index.php?rest_route=\/wp\/v2\/pages\/2","targetHints":{"allow":["GET"]}}],"collection":[{"href":"https:\/\/jesusdenatzaret.com\/index.php?rest_route=\/wp\/v2\/pages"}],"about":[{"href":"https:\/\/jesusdenatzaret.com\/index.php?rest_route=\/wp\/v2\/types\/page"}],"author":[{"embeddable":true,"href":"https:\/\/jesusdenatzaret.com\/index.php?rest_route=\/wp\/v2\/users\/1"}],"replies":[{"embeddable":true,"href":"https:\/\/jesusdenatzaret.com\/index.php?rest_route=%2Fwp%2Fv2%2Fcomments&post=2"}],"version-history":[{"count":14,"href":"https:\/\/jesusdenatzaret.com\/index.php?rest_route=\/wp\/v2\/pages\/2\/revisions"}],"predecessor-version":[{"id":1184,"href":"https:\/\/jesusdenatzaret.com\/index.php?rest_route=\/wp\/v2\/pages\/2\/revisions\/1184"}],"wp:attachment":[{"href":"https:\/\/jesusdenatzaret.com\/index.php?rest_route=%2Fwp%2Fv2%2Fmedia&parent=2"}],"curies":[{"name":"wp","href":"https:\/\/api.w.org\/{rel}","templated":true}]}}