{"id":211,"date":"2019-01-07T12:03:01","date_gmt":"2019-01-07T11:03:01","guid":{"rendered":"http:\/\/imarques.info\/confraria\/?page_id=211"},"modified":"2024-02-23T13:36:24","modified_gmt":"2024-02-23T12:36:24","slug":"la-vestimenta-3","status":"publish","type":"page","link":"https:\/\/jesusdenatzaret.com\/?page_id=211&lang=ca","title":{"rendered":"La Vestimenta"},"content":{"rendered":"<p>La confraria t\u00e9 a la disposici\u00f3 dels confrares la tela de vellut per a <img loading=\"lazy\" decoding=\"async\" class=\"wp-image-198 alignright\" src=\"http:\/\/imarques.info\/confraria\/wp-content\/uploads\/2019\/01\/392799.h-1-501x1024.jpg\" alt=\"\" width=\"148\" height=\"302\" srcset=\"https:\/\/jesusdenatzaret.com\/wp-content\/uploads\/2019\/01\/392799.h-1-501x1024.jpg 501w, https:\/\/jesusdenatzaret.com\/wp-content\/uploads\/2019\/01\/392799.h-1-147x300.jpg 147w, https:\/\/jesusdenatzaret.com\/wp-content\/uploads\/2019\/01\/392799.h-1-768x1570.jpg 768w, https:\/\/jesusdenatzaret.com\/wp-content\/uploads\/2019\/01\/392799.h-1-200x409.jpg 200w, https:\/\/jesusdenatzaret.com\/wp-content\/uploads\/2019\/01\/392799.h-1-690x1411.jpg 690w, https:\/\/jesusdenatzaret.com\/wp-content\/uploads\/2019\/01\/392799.h-1.jpg 896w\" sizes=\"auto, (max-width: 148px) 100vw, 148px\" \/>l&#8217;elaboraci\u00f3 de la vestimenta aix\u00ed com dels capirotes i resta de complements, els interessats ho poden adquirir a la parr\u00f2quia, a la pla\u00e7a del Born contactant amb la vocal Valentina al tel\u00e8fon 674098021.<\/p>\n<p>La confraria disposa de vestimentes per a ser deixades als interessats a participar com nous confrares en la process\u00f3, sent el funcionament el seg\u00fcent, pagament de la quota a la confraria (15\u20ac) el primer i segon any i comprom\u00eds de comprar-la o confeccionar-se-la l&#8217;any seg\u00fcent.<\/p>\n<table style=\"height: 534px;\" width=\"315\">\n<tbody>\n<tr>\n<td width=\"84%\"><strong>TELA VELLUT<\/strong><\/td>\n<td width=\"16%\"><strong>25.00\u20ac<\/strong><\/td>\n<\/tr>\n<tr>\n<td><strong>CAPERUTXO<\/strong><\/td>\n<td><strong>12.00\u20ac<\/strong><\/td>\n<\/tr>\n<tr>\n<td><strong>ESCUT PETIT CONFRARIA<\/strong><\/td>\n<td><strong>10.00\u20ac<\/strong><\/td>\n<\/tr>\n<tr>\n<td><strong>ESCUT CONFRARIA<\/strong><\/td>\n<td><strong>13.00\u20ac<\/strong><\/td>\n<\/tr>\n<tr>\n<td><strong>3m. DE CORDO MORAT<\/strong><\/td>\n<td><strong>1.15\u20ac<\/strong><\/td>\n<\/tr>\n<tr>\n<td><strong>BOTONS (la unitat)<\/strong><\/td>\n<td><strong>0.18\u20ac<\/strong><\/td>\n<\/tr>\n<tr>\n<td><strong>UN PARELL DE GUANTS<\/strong><\/td>\n<td><strong>3.00\u20ac<\/strong><\/td>\n<\/tr>\n<tr>\n<td><strong>TELA BLANCA (Adult 2m.)(<\/strong><strong>Preu Orientatiu<\/strong><strong>)<\/strong><\/td>\n<td><strong>20.00\u20ac<\/strong><\/td>\n<\/tr>\n<tr>\n<td><strong>CINTURO<\/strong> <strong>ESPART PENITENT<\/strong><\/td>\n<td><strong>13.50\u20ac<\/strong><\/td>\n<\/tr>\n<\/tbody>\n<\/table>\n","protected":false},"excerpt":{"rendered":"<p>La confraria t\u00e9 a la disposici\u00f3 dels confrares la tela de vellut per a l&#8217;elaboraci\u00f3 de la vestimenta aix\u00ed com&nbsp;[&hellip;]<\/p>\n","protected":false},"author":1,"featured_media":0,"parent":0,"menu_order":0,"comment_status":"closed","ping_status":"closed","template":"","meta":{"pgc_sgb_lightbox_settings":"","footnotes":""},"class_list":["post-211","page","type-page","status-publish","hentry","post-item clearfix"],"_links":{"self":[{"href":"https:\/\/jesusdenatzaret.com\/index.php?rest_route=\/wp\/v2\/pages\/211","targetHints":{"allow":["GET"]}}],"collection":[{"href":"https:\/\/jesusdenatzaret.com\/index.php?rest_route=\/wp\/v2\/pages"}],"about":[{"href":"https:\/\/jesusdenatzaret.com\/index.php?rest_route=\/wp\/v2\/types\/page"}],"author":[{"embeddable":true,"href":"https:\/\/jesusdenatzaret.com\/index.php?rest_route=\/wp\/v2\/users\/1"}],"replies":[{"embeddable":true,"href":"https:\/\/jesusdenatzaret.com\/index.php?rest_route=%2Fwp%2Fv2%2Fcomments&post=211"}],"version-history":[{"count":8,"href":"https:\/\/jesusdenatzaret.com\/index.php?rest_route=\/wp\/v2\/pages\/211\/revisions"}],"predecessor-version":[{"id":1391,"href":"https:\/\/jesusdenatzaret.com\/index.php?rest_route=\/wp\/v2\/pages\/211\/revisions\/1391"}],"wp:attachment":[{"href":"https:\/\/jesusdenatzaret.com\/index.php?rest_route=%2Fwp%2Fv2%2Fmedia&parent=211"}],"curies":[{"name":"wp","href":"https:\/\/api.w.org\/{rel}","templated":true}]}}