{"id":223,"date":"2019-01-07T19:18:16","date_gmt":"2019-01-07T18:18:16","guid":{"rendered":"http:\/\/imarques.info\/confraria\/?page_id=223"},"modified":"2022-05-03T08:25:11","modified_gmt":"2022-05-03T06:25:11","slug":"benvinguda","status":"publish","type":"page","link":"https:\/\/jesusdenatzaret.com\/?page_id=223&lang=ca","title":{"rendered":"Benvinguda"},"content":{"rendered":"\n<div class=\"wp-block-image\"><figure class=\"alignleft\"><img loading=\"lazy\" decoding=\"async\" width=\"110\" height=\"122\" src=\"http:\/\/imarques.info\/confraria\/wp-content\/uploads\/2018\/12\/Pedro.jpg\" alt=\"\" class=\"wp-image-25\"\/><\/figure><\/div>\n\n\n\n<p class=\"has-medium-font-size\">  <br>A continuaci\u00f3 us deixem unes paraules del nostre president. <\/p>\n\n\n\n<p><\/p>\n\n\n\n<blockquote class=\"wp-block-quote is-layout-flow wp-block-quote-is-layout-flow\"><p> <br>Benvinguts a la p\u00e0gina web de la confraria de Jes\u00fas de Natzaret, amb la qual us volem informar de tot el que ens envolta, us recomenam que ens visiteu i conegueu la nostra hist\u00f2ria.<br><br>Amb il\u00b7lusi\u00f3 renovada i amb la tasca d&#8217;una nova junta amb moltes ganes de treballar per aconseguir donar una nova empenta a la nostra confraria, us animem a participar amb nosaltres per a tots junts fer arribar el sentit i el sentiment que representa la celebraci\u00f3 dels actes de la Setmana Santa i molt especialment la process\u00f3 del divendres Sant.<br><br>Necessitem la col\u00b7laboraci\u00f3 de tothom, haurem de ser molts per seguir endavant amb aquesta tradici\u00f3 de la qual \u00edntimament ens sentim orgullosos i continuar i fomentar la fe mitjan\u00e7ant el respecte que com a cristians ens mereix la Passi\u00f3 del nostre Senyor.<br><br>Des d&#8217;aquest mateix instant esperem donar-te la benvinguda com a nou confrare de la Confraria de Jes\u00fas de Natzaret.<br> <\/p><\/blockquote>\n","protected":false},"excerpt":{"rendered":"<p>A continuaci\u00f3 us deixem unes paraules del nostre president. Benvinguts a la p\u00e0gina web de la confraria de Jes\u00fas de&nbsp;[&hellip;]<\/p>\n","protected":false},"author":1,"featured_media":0,"parent":0,"menu_order":0,"comment_status":"closed","ping_status":"open","template":"","meta":{"pgc_sgb_lightbox_settings":"","footnotes":""},"class_list":["post-223","page","type-page","status-publish","hentry","post-item clearfix"],"_links":{"self":[{"href":"https:\/\/jesusdenatzaret.com\/index.php?rest_route=\/wp\/v2\/pages\/223","targetHints":{"allow":["GET"]}}],"collection":[{"href":"https:\/\/jesusdenatzaret.com\/index.php?rest_route=\/wp\/v2\/pages"}],"about":[{"href":"https:\/\/jesusdenatzaret.com\/index.php?rest_route=\/wp\/v2\/types\/page"}],"author":[{"embeddable":true,"href":"https:\/\/jesusdenatzaret.com\/index.php?rest_route=\/wp\/v2\/users\/1"}],"replies":[{"embeddable":true,"href":"https:\/\/jesusdenatzaret.com\/index.php?rest_route=%2Fwp%2Fv2%2Fcomments&post=223"}],"version-history":[{"count":10,"href":"https:\/\/jesusdenatzaret.com\/index.php?rest_route=\/wp\/v2\/pages\/223\/revisions"}],"predecessor-version":[{"id":1183,"href":"https:\/\/jesusdenatzaret.com\/index.php?rest_route=\/wp\/v2\/pages\/223\/revisions\/1183"}],"wp:attachment":[{"href":"https:\/\/jesusdenatzaret.com\/index.php?rest_route=%2Fwp%2Fv2%2Fmedia&parent=223"}],"curies":[{"name":"wp","href":"https:\/\/api.w.org\/{rel}","templated":true}]}}