{"id":347,"date":"2019-01-09T19:11:05","date_gmt":"2019-01-09T18:11:05","guid":{"rendered":"http:\/\/imarques.info\/confraria\/?page_id=347"},"modified":"2022-04-16T21:41:43","modified_gmt":"2022-04-16T19:41:43","slug":"historia-2","status":"publish","type":"page","link":"https:\/\/jesusdenatzaret.com\/?page_id=347&lang=ca","title":{"rendered":"Historia"},"content":{"rendered":"<p>La confraria de \u00abJes\u00fas Natzar\u00e8\u00bb, va ser fundada l&#8217;any 1944. a inst\u00e0ncies del Bisbe Bartomeu Pascual Marroig. \u00c9s la primera confraria de Ciutadella a participar en els actes de Setmana Santa, despr\u00e9s de m\u00e9s de 50 anys en qu\u00e8 les confraries de \u00abcapirotes\u00bb, no participaven en les processons de \u00abSetmana Santa\u00bb. La formaven 24 confrares \u00abFundadors\u00bb. La seva primera sortida va ser a la process\u00f3 del Diumenge de Rams de 1.944.<\/p>\n<p><img loading=\"lazy\" decoding=\"async\" class=\" wp-image-67 alignright\" src=\"http:\/\/imarques.info\/confraria\/wp-content\/uploads\/2018\/12\/1944_2.jpg\" alt=\"\" width=\"296\" height=\"170\" srcset=\"https:\/\/jesusdenatzaret.com\/wp-content\/uploads\/2018\/12\/1944_2.jpg 337w, https:\/\/jesusdenatzaret.com\/wp-content\/uploads\/2018\/12\/1944_2-300x173.jpg 300w, https:\/\/jesusdenatzaret.com\/wp-content\/uploads\/2018\/12\/1944_2-200x115.jpg 200w\" sizes=\"auto, (max-width: 296px) 100vw, 296px\" \/><\/p>\n<p>Les andes del pas que porten la Imatge de \u00abJes\u00fas Natzar\u00e8\u00bb, van ser constru\u00efdes al taller de Jaume Arnau, de Ciutadella, i estan travessades per 8 vares. La imatge va ser realitzada al taller d &#8216; \u00abArts Religioses\u00bb d&#8217;Olot (Girona).<\/p>\n<p><span class=\"tlid-translation translation\"><span class=\"\" title=\"\">Presideix<\/span> <span title=\"\">al capdavant<\/span> <span title=\"\">de la Confraria<\/span> <span title=\"\">una creu<\/span> <span title=\"\">negra<\/span> <span title=\"\">de llenya,<\/span> <span class=\"\" title=\"\">l&#8217;antiga<\/span> <span title=\"\">tenia els<\/span> <span title=\"\">extrems<\/span> <span title=\"\">platejats,<\/span> <span title=\"\">amb<\/span> <span title=\"\">les<\/span> <span title=\"\">ins\u00edgnies dels<\/span> <span title=\"\">natzarens<\/span> <span class=\"\" title=\"\">daurades<\/span> <span title=\"\">i<\/span> <span title=\"\">col\u00b7locades<\/span><\/span> <span class=\"tlid-translation translation\"><span title=\"\">en el<\/span> <span title=\"\">centre<\/span> <span class=\"\" title=\"\">de la creu.<\/span><\/span><\/p>\n<p><img loading=\"lazy\" decoding=\"async\" class=\"wp-image-209 alignleft\" src=\"http:\/\/imarques.info\/confraria\/wp-content\/uploads\/2019\/01\/1952100660_n.jpg\" alt=\"\" width=\"213\" height=\"255\" srcset=\"https:\/\/jesusdenatzaret.com\/wp-content\/uploads\/2019\/01\/1952100660_n.jpg 450w, https:\/\/jesusdenatzaret.com\/wp-content\/uploads\/2019\/01\/1952100660_n-250x300.jpg 250w, https:\/\/jesusdenatzaret.com\/wp-content\/uploads\/2019\/01\/1952100660_n-200x240.jpg 200w\" sizes=\"auto, (max-width: 213px) 100vw, 213px\" \/><span class=\"tlid-translation translation\"><span title=\"\">Li<\/span> <span title=\"\">seguien<\/span> <span title=\"\">tres vares<\/span><span class=\"\" title=\"\">, la primera,<\/span> <span class=\"\" title=\"\">que ostenta<\/span> <span class=\"\" title=\"\">la ins\u00edgnia<\/span> <span class=\"\" title=\"\">dels<\/span> <span class=\"\" title=\"\">confrares,<\/span> <span title=\"\">\u00e9s portada<\/span> <span title=\"\">pel \u00ab<\/span><span title=\"\">Confrare<\/span> <span class=\"\" title=\"\">Major<\/span><span title=\"\">\u00ab<\/span><span title=\"\">,<\/span> <span title=\"\">les altres dues,<\/span> <span title=\"\">amb<\/span> <span title=\"\">altres emblemes<\/span> <span title=\"\">de la Passi\u00f3,<\/span> <span title=\"\">per al<\/span> <span class=\"\" title=\"\">secretari i<\/span> <span class=\"\" title=\"\">el tresorer.<\/span><br \/>\n<span title=\"\">Els<\/span> <span title=\"\">confrares,<\/span> <span title=\"\">van vestits<\/span> <span title=\"\">de t\u00fanica<\/span> <span title=\"\">blanca<\/span> <span title=\"\">(<\/span><span title=\"\">blanc natural<\/span><span title=\"\">)<\/span> <span title=\"\">amb<\/span> <span title=\"\">botons<\/span> <span title=\"\">de vellut<\/span> <span title=\"\">morat,<\/span> <span title=\"\">cenyida<\/span> <span title=\"\">al cos<\/span> <span title=\"\">per un<\/span> <span title=\"\">cord\u00f3<\/span> <span title=\"\">del mateix color.<\/span><\/span> <img loading=\"lazy\" decoding=\"async\" class=\"wp-image-160 alignright\" src=\"http:\/\/imarques.info\/confraria\/wp-content\/uploads\/2019\/01\/392799.h-501x1024.jpg\" alt=\"\" width=\"105\" height=\"215\" srcset=\"https:\/\/jesusdenatzaret.com\/wp-content\/uploads\/2019\/01\/392799.h-501x1024.jpg 501w, https:\/\/jesusdenatzaret.com\/wp-content\/uploads\/2019\/01\/392799.h-147x300.jpg 147w, https:\/\/jesusdenatzaret.com\/wp-content\/uploads\/2019\/01\/392799.h-768x1570.jpg 768w, https:\/\/jesusdenatzaret.com\/wp-content\/uploads\/2019\/01\/392799.h-200x409.jpg 200w, https:\/\/jesusdenatzaret.com\/wp-content\/uploads\/2019\/01\/392799.h-690x1411.jpg 690w, https:\/\/jesusdenatzaret.com\/wp-content\/uploads\/2019\/01\/392799.h.jpg 896w\" sizes=\"auto, (max-width: 105px) 100vw, 105px\" \/><span class=\"tlid-translation translation\"><span class=\"\" title=\"\">La capirota<\/span> <span title=\"\">\u00e9s<\/span> <span title=\"\">recoberta<\/span> <span title=\"\">de vellut<\/span> <span title=\"\">morat<\/span> <span title=\"\">(el mateix<\/span> <span title=\"\">que els<\/span> <span title=\"\">botons<\/span><span title=\"\">)<\/span> <span title=\"\">i \u00e9s<\/span> <span class=\"\" title=\"\">acabada de forma<\/span> <span class=\"\" title=\"\">ovalada<\/span><span title=\"\">, <\/span><span title=\"\">figurant a la mateixa i damunt del pit els emblemes de la Passi\u00f3<\/span><span title=\"\">:<\/span> <span title=\"\">claus i corona d&#8217;espines. Els emblemes destaquen a colors, tons grisos el claus i verda la corona d\u2019espines, damunt un fons blanc retallat amb forma de creu arrodonida. Les sabates negres i els guants blancs complementen la vestimenta. <\/span><\/span><\/p>\n<p><img loading=\"lazy\" decoding=\"async\" class=\" wp-image-273 alignleft\" src=\"http:\/\/imarques.info\/confraria\/wp-content\/uploads\/2019\/01\/penitent-547x1024.jpg\" alt=\"\" width=\"139\" height=\"260\" srcset=\"https:\/\/jesusdenatzaret.com\/wp-content\/uploads\/2019\/01\/penitent-547x1024.jpg 547w, https:\/\/jesusdenatzaret.com\/wp-content\/uploads\/2019\/01\/penitent-160x300.jpg 160w, https:\/\/jesusdenatzaret.com\/wp-content\/uploads\/2019\/01\/penitent-768x1437.jpg 768w, https:\/\/jesusdenatzaret.com\/wp-content\/uploads\/2019\/01\/penitent-200x374.jpg 200w, https:\/\/jesusdenatzaret.com\/wp-content\/uploads\/2019\/01\/penitent-690x1291.jpg 690w, https:\/\/jesusdenatzaret.com\/wp-content\/uploads\/2019\/01\/penitent.jpg 776w\" sizes=\"auto, (max-width: 139px) 100vw, 139px\" \/>Passats pocs anys es cre\u00e0 un altre secci\u00f3 de germans confrares dins la mateixa confraria. S\u00f3n els \u201cPenitents\u201d. Els penitents van vestits amb t\u00fanica i caputxa negra. La caputxa els cau damunt l\u2019esquena, ja que no porten el cucurutxo de cartr\u00f3 o de pl\u00e0stic que aguanta la forma de la capirota. El cintur\u00f3 d&#8217;espart, guants negres i espardenyes catalanes blanques amb cintes negres s\u00f3n la resta de la seva vestimenta. A l&#8217;espatlla traginen una creu negra.<\/p>\n<p>A finals dels anys 90 i despr\u00e8s de varis avisos per part dels successius rectors de la parr\u00f2quia, de que la confraria no podia seguir amb aquella din\u00e0mica de deixadesa, un grup de confrares s\u2019implicaren, formant una gestora, amb intentar recompondre la confraria i donar-li la dignitat i la seriositat que \u00e9s mereix. A partir d\u2019aqu\u00ed s\u2019aproven els actuals estatuts i el 10\/10\/01 \u00e9s nomena la nova Junta directiva, sortint elegit com a president o Germ\u00e0 major: <em><strong>Pedro Pons Cort\u00e9s<\/strong><\/em>.<\/p>\n<p>Poc a poc i any darrera any s\u2019han procurat introduir millores i sobre tot m\u00e9s comprom\u00eds per part de tots. El resultat ha sigut un augment constant de confrares, col\u00b7laboradors i comprom\u00eds amb la parr\u00f2quia a la vegada que millores amb l\u2019aspecte material de la confraria:<\/p>\n<ul>\n<li><span class=\"tlid-translation translation\" tabindex=\"-1\">Substituci\u00f3 dels ciris de cera per als de parafina (2002).<\/span><\/li>\n<li><span class=\"tlid-translation translation\" tabindex=\"-1\">Compra de tela pr\u00f2pia per a nous confrares a la fi d&#8217;unificar color.<\/span><\/li>\n<li><span class=\"tlid-translation translation\" tabindex=\"-1\">Nou estendard (2006) dissenyat per l&#8217;anterior president: Toni Pic\u00f3. L&#8217;estendard \u00e9s elaborat amb vellut morat, el mateix que el dels confrares i porta brodat l&#8217;escut de la confraria, el nom, l&#8217;any de fundaci\u00f3 i la parr\u00f2quia a la qual pertanyem. El elaboro la confrare Maria Pons. El 2006 tamb\u00e9 es restauren les vares que porten els membres de la junta directiva amb els s\u00edmbols de la passi\u00f3.<\/span><\/li>\n<li><span class=\"tlid-translation translation\" tabindex=\"-1\">El 2007, nova il\u00b7luminaci\u00f3 del pas la qual substitueix els antics canelobres de ferro per altres d&#8217;orfebreria, adquirits en els tallers Arag\u00f3 orfebres. Tamb\u00e9 s&#8217;incorpora un tambor per acompanyar i marcar el pas als portadors. Els penitents recuperen la seva bandera (pen\u00f3), despr\u00e9s de diversos anys de no portar-la. \u00c9s de tela negra com la seva vestimenta, sense cap tipus d&#8217;ins\u00edgnia ni escut, \u00e9s llarga en forma de triangle. Es porta recolzada a l&#8217;espatlla i la seva longitud fa que s&#8217;arrossegui per terra.<\/span><\/li>\n<li><span class=\"tlid-translation translation\" tabindex=\"-1\">Seguint en la l\u00ednia de renovaci\u00f3 i millores, el 2008 s&#8217;incorporen dos nous fanals guia d&#8217;orfebreria, substituint als antics de llaut\u00f3, s&#8217;incorporen tamb\u00e9 dues noves vares amb els s\u00edmbols de la confraria i s&#8217;elabora una nova corona d&#8217;espines en daurat per a la creu de guia.<\/span><\/li>\n<li><span class=\"tlid-translation translation\" tabindex=\"-1\">El 2009 seguint amb les millores de la confraria s&#8217;ha restaurat la imatge i les andes, traient a relluir el daurat original i els colors ocults per arranjaments anteriors que es van realitzar, a les andes a m\u00e9s d&#8217;arranjaments i pintura se li han afegit adornos. Tamb\u00e9 s&#8217;ha elaborat un nou sudari per la creu de guia que ha estat confeccionat i donat per la confrare, M\u00aa JOS\u00c9 COLL MARQUES.<\/span><\/li>\n<li><span class=\"tlid-translation translation\" tabindex=\"-1\">Continuant aquest any 2010 amb les ganes de millorar la nostra confraria s&#8217;ha adquirit per a la nostra imatge del Natzar\u00e8 una nova corona d&#8217;espines, en estar bastant deteriorada l&#8217;original, tamb\u00e9 s&#8217;adquireix uns remats de creu per donar-li m\u00e9s real\u00e7 i vistositat a la imatge.<\/span><\/li>\n<li><span class=\"tlid-translation translation\" tabindex=\"-1\">Aquest any 2011 les millores per a la confraria han estat l&#8217;adquisici\u00f3 d&#8217;una nova creu guia, nous b\u00e0culs i espelmes el\u00e8ctriques per als nostres confrares m\u00e9s petits, af\u00ed de evitar-los el perill de les de foc.<\/span><\/li>\n<li><span class=\"tlid-translation translation\" tabindex=\"-1\">I finalment l&#8217;any 2017 s&#8217;incorpora unes noves andes per a la imatge del Natzar\u00e8.<\/span><img loading=\"lazy\" decoding=\"async\" class=\"aligncenter  wp-image-284\" src=\"http:\/\/imarques.info\/confraria\/wp-content\/uploads\/2019\/01\/17861565_1387479901318705_4693289708867946084_n-1.jpg\" alt=\"\" width=\"439\" height=\"399\" srcset=\"https:\/\/jesusdenatzaret.com\/wp-content\/uploads\/2019\/01\/17861565_1387479901318705_4693289708867946084_n-1.jpg 702w, https:\/\/jesusdenatzaret.com\/wp-content\/uploads\/2019\/01\/17861565_1387479901318705_4693289708867946084_n-1-300x273.jpg 300w, https:\/\/jesusdenatzaret.com\/wp-content\/uploads\/2019\/01\/17861565_1387479901318705_4693289708867946084_n-1-200x182.jpg 200w, https:\/\/jesusdenatzaret.com\/wp-content\/uploads\/2019\/01\/17861565_1387479901318705_4693289708867946084_n-1-690x627.jpg 690w\" sizes=\"auto, (max-width: 439px) 100vw, 439px\" \/><\/li>\n<\/ul>\n","protected":false},"excerpt":{"rendered":"<p>La confraria de \u00abJes\u00fas Natzar\u00e8\u00bb, va ser fundada l&#8217;any 1944. a inst\u00e0ncies del Bisbe Bartomeu Pascual Marroig. \u00c9s la primera&nbsp;[&hellip;]<\/p>\n","protected":false},"author":1,"featured_media":0,"parent":0,"menu_order":0,"comment_status":"closed","ping_status":"closed","template":"","meta":{"pgc_sgb_lightbox_settings":"","footnotes":""},"class_list":["post-347","page","type-page","status-publish","hentry","post-item clearfix"],"_links":{"self":[{"href":"https:\/\/jesusdenatzaret.com\/index.php?rest_route=\/wp\/v2\/pages\/347","targetHints":{"allow":["GET"]}}],"collection":[{"href":"https:\/\/jesusdenatzaret.com\/index.php?rest_route=\/wp\/v2\/pages"}],"about":[{"href":"https:\/\/jesusdenatzaret.com\/index.php?rest_route=\/wp\/v2\/types\/page"}],"author":[{"embeddable":true,"href":"https:\/\/jesusdenatzaret.com\/index.php?rest_route=\/wp\/v2\/users\/1"}],"replies":[{"embeddable":true,"href":"https:\/\/jesusdenatzaret.com\/index.php?rest_route=%2Fwp%2Fv2%2Fcomments&post=347"}],"version-history":[{"count":10,"href":"https:\/\/jesusdenatzaret.com\/index.php?rest_route=\/wp\/v2\/pages\/347\/revisions"}],"predecessor-version":[{"id":1151,"href":"https:\/\/jesusdenatzaret.com\/index.php?rest_route=\/wp\/v2\/pages\/347\/revisions\/1151"}],"wp:attachment":[{"href":"https:\/\/jesusdenatzaret.com\/index.php?rest_route=%2Fwp%2Fv2%2Fmedia&parent=347"}],"curies":[{"name":"wp","href":"https:\/\/api.w.org\/{rel}","templated":true}]}}