{"id":430,"date":"2019-01-16T18:45:59","date_gmt":"2019-01-16T17:45:59","guid":{"rendered":"http:\/\/imarques.info\/confraria\/?page_id=430"},"modified":"2022-04-16T21:42:23","modified_gmt":"2022-04-16T19:42:23","slug":"links","status":"publish","type":"page","link":"https:\/\/jesusdenatzaret.com\/?page_id=430","title":{"rendered":"Links"},"content":{"rendered":"<h2>Enlaces Cofrades de interes<\/h2>\n<p>\u00a0<\/p>\n\n\n<figure class=\"wp-block-image\"><a href=\"http:\/\/w2.vatican.va\/content\/vatican\/es.html\" target=\"_blank\" rel=\"noreferrer noopener\"><img loading=\"lazy\" decoding=\"async\" width=\"633\" height=\"109\" src=\"http:\/\/imarques.info\/confraria\/wp-content\/uploads\/2019\/01\/enlace2.jpg\" alt=\"\" class=\"wp-image-437\" srcset=\"https:\/\/jesusdenatzaret.com\/wp-content\/uploads\/2019\/01\/enlace2.jpg 633w, https:\/\/jesusdenatzaret.com\/wp-content\/uploads\/2019\/01\/enlace2-300x52.jpg 300w, https:\/\/jesusdenatzaret.com\/wp-content\/uploads\/2019\/01\/enlace2-200x34.jpg 200w\" sizes=\"auto, (max-width: 633px) 100vw, 633px\" \/><\/a><\/figure>\n\n\n\n<figure class=\"wp-block-image\"><a href=\"http:\/\/www.bisbatdemenorca.com\" target=\"_blank\" rel=\"noreferrer noopener\"><img loading=\"lazy\" decoding=\"async\" width=\"633\" height=\"110\" src=\"http:\/\/imarques.info\/confraria\/wp-content\/uploads\/2019\/01\/enlace1.jpg\" alt=\"\" class=\"wp-image-436\" srcset=\"https:\/\/jesusdenatzaret.com\/wp-content\/uploads\/2019\/01\/enlace1.jpg 633w, https:\/\/jesusdenatzaret.com\/wp-content\/uploads\/2019\/01\/enlace1-300x52.jpg 300w, https:\/\/jesusdenatzaret.com\/wp-content\/uploads\/2019\/01\/enlace1-200x35.jpg 200w\" sizes=\"auto, (max-width: 633px) 100vw, 633px\" \/><\/a><\/figure>\n\n\n<h2>\u00a0<\/h2>\n<h2>Semana Santa en Islas Baleares<\/h2>\n\n\n<h4 class=\"wp-block-heading\">MENORCA<br><\/h4>\n\n\n\n<ul class=\"wp-block-list\"><li><a rel=\"noreferrer noopener\" href=\"http:\/\/confrarialabonamort.com\/\" target=\"_blank\">COFRADIA LA BONA MORT( Ciutadella de Menorca)<\/a> <\/li><li><a rel=\"noreferrer noopener\" href=\"http:\/\/santcristciutadella.com\/\" target=\"_blank\">COFRADIA DEL SANT CRIST( Ciutadella de Menorca)<\/a> <\/li><li><a rel=\"noreferrer noopener\" href=\"http:\/\/www.lapietatciutadella.es\" target=\"_blank\">COFRADIA LA PIEDAD ( Ciutadella de Menorca)<\/a> <\/li><li><a rel=\"noreferrer noopener\" href=\"http:\/\/www.lasang.com\/\" target=\"_blank\">COFRADIA DE LA PRECIOSISIMA SANGRE DE NUESTRO SE\u00d1OR JESUCRISTO (Mao Menorca)<\/a><\/li><li><a rel=\"noreferrer noopener\" href=\"http:\/\/www.cofradiasantosepulcro.es\" target=\"_blank\">COFRADIA DEL SANTO SEPULCRO (Mao Menorca)<\/a> <\/li><li><a rel=\"noreferrer noopener\" href=\"http:\/\/www.viacrucis.es\/\" target=\"_blank\">COFRADIA DEL VIA CRUCIS ( Mao Menorca<\/a><\/li><\/ul>\n\n\n\n<h4 class=\"wp-block-heading\">PALMA DE MALLORCA<\/h4>\n\n\n\n<ul class=\"wp-block-list\"><li><a rel=\"noreferrer noopener\" href=\"http:\/\/www.cristdesantacreu.net\/\" target=\"_blank\">Cofrad\u00eda de Penitentes del Santo Cristo de Santa Cruz (Palma) <\/a><\/li><li><a rel=\"noreferrer noopener\" href=\"http:\/\/www.cincollagas.com\/\" target=\"_blank\">Cofrad\u00eda las Cinco Llagas (Palma)<\/a> <\/li><li><a rel=\"noreferrer noopener\" href=\"http:\/\/usuarios.lycos.es\/cofradialamerced\/\" target=\"_blank\">Cofrad\u00eda La Merced (Palma) <\/a> <\/li><li><a rel=\"noreferrer noopener\" href=\"http:\/\/www.parroquiasoledat.com\/parroquiasoledat\/WEB%20cofradia\/INICIO.htm\" target=\"_blank\">Cofrad\u00eda Ntra. Sra de la Soledad (Palma)<\/a> <\/li><li><a rel=\"noreferrer noopener\" href=\"http:\/\/www.vergedolorosa.tk\/\" target=\"_blank\">Cofrad\u00eda Virgen Dolorosa (Palma)<\/a> <\/li><li><a rel=\"noreferrer noopener\" href=\"http:\/\/www.arrakis.es\/%7Emora\/\" target=\"_blank\">Cofrad\u00eda Los Cartujos (Palma)<\/a>  <\/li><li><a rel=\"noreferrer noopener\" href=\"http:\/\/www.palimpalem.com\/1\/JesusSentencia_VirgenMar\/\" target=\"_blank\">Ntro. Padre Jes\u00fas de la Sentencia y Sta. Mar\u00eda Virgen del Mar (Palma)<\/a> <\/li><li><a rel=\"noreferrer noopener\" href=\"http:\/\/www.santosudariosoller.es.mw\/\" target=\"_blank\">Confraria del Sant Sudari El Llen\u00e7ol Sant (S\u00f3ller<\/a><\/li><li><a rel=\"noreferrer noopener\" href=\"http:\/\/perso.wanadoo.es\/sesverdes\/\" target=\"_blank\">Cofrad\u00eda de la Inmaculada Acci\u00f3n Cat\u00f3lica, \u00abSes Verdes\u00bb (Inca)<\/a><\/li><\/ul>\n","protected":false},"excerpt":{"rendered":"<p>Enlaces Cofrades de interes \u00a0 \u00a0 Semana Santa en Islas Baleares MENORCA COFRADIA LA BONA MORT( Ciutadella de Menorca) COFRADIA&nbsp;[&hellip;]<\/p>\n","protected":false},"author":1,"featured_media":0,"parent":0,"menu_order":0,"comment_status":"closed","ping_status":"closed","template":"","meta":{"pgc_sgb_lightbox_settings":"","footnotes":""},"class_list":["post-430","page","type-page","status-publish","hentry","post-item clearfix"],"_links":{"self":[{"href":"https:\/\/jesusdenatzaret.com\/index.php?rest_route=\/wp\/v2\/pages\/430","targetHints":{"allow":["GET"]}}],"collection":[{"href":"https:\/\/jesusdenatzaret.com\/index.php?rest_route=\/wp\/v2\/pages"}],"about":[{"href":"https:\/\/jesusdenatzaret.com\/index.php?rest_route=\/wp\/v2\/types\/page"}],"author":[{"embeddable":true,"href":"https:\/\/jesusdenatzaret.com\/index.php?rest_route=\/wp\/v2\/users\/1"}],"replies":[{"embeddable":true,"href":"https:\/\/jesusdenatzaret.com\/index.php?rest_route=%2Fwp%2Fv2%2Fcomments&post=430"}],"version-history":[{"count":14,"href":"https:\/\/jesusdenatzaret.com\/index.php?rest_route=\/wp\/v2\/pages\/430\/revisions"}],"predecessor-version":[{"id":1154,"href":"https:\/\/jesusdenatzaret.com\/index.php?rest_route=\/wp\/v2\/pages\/430\/revisions\/1154"}],"wp:attachment":[{"href":"https:\/\/jesusdenatzaret.com\/index.php?rest_route=%2Fwp%2Fv2%2Fmedia&parent=430"}],"curies":[{"name":"wp","href":"https:\/\/api.w.org\/{rel}","templated":true}]}}