{"id":54,"date":"2018-12-29T18:53:15","date_gmt":"2018-12-29T17:53:15","guid":{"rendered":"http:\/\/imarques.info\/confraria\/?page_id=54"},"modified":"2019-01-09T19:07:49","modified_gmt":"2019-01-09T18:07:49","slug":"historia","status":"publish","type":"page","link":"https:\/\/jesusdenatzaret.com\/?page_id=54","title":{"rendered":"Historia"},"content":{"rendered":"<p>La cofrad\u00eda de \u201cJes\u00fas Natzar\u00e8\u201d, fue fundada el a\u00f1o 1944. a instancias del Obispo Bartomeu Pascual Marroig. Es la primera cofrad\u00eda de Ciutadella en participar en los actos de Semana Santa, despu\u00e9s de m\u00e1s de 50 a\u00f1os en que las cofrad\u00edas de \u201ccapirotes\u201d, no participaban en las procesiones de \u201cSemana Santa\u201d. La formaban 24 cofrades \u201cFundadores\u201d. Su primera salidafue a la procesi\u00f3n del Domingo de Ramos de 1.944.<\/p>\n<p><img loading=\"lazy\" decoding=\"async\" class=\" wp-image-67 alignright\" src=\"http:\/\/imarques.info\/confraria\/wp-content\/uploads\/2018\/12\/1944_2.jpg\" alt=\"\" width=\"273\" height=\"157\" srcset=\"https:\/\/jesusdenatzaret.com\/wp-content\/uploads\/2018\/12\/1944_2.jpg 337w, https:\/\/jesusdenatzaret.com\/wp-content\/uploads\/2018\/12\/1944_2-300x173.jpg 300w, https:\/\/jesusdenatzaret.com\/wp-content\/uploads\/2018\/12\/1944_2-200x115.jpg 200w\" sizes=\"auto, (max-width: 273px) 100vw, 273px\" \/><\/p>\n<p>Las andas del paso que llevan la Imagen de \u201cJes\u00fas Natzar\u00e8\u201d, fueron construidas en el taller de Jaume Arnau, de Ciutadella, y est\u00e1n atravesadas por 8 varas. La imagen fue realizada en el taller de \u201cArtes Religiosas\u201d d\u2019Olot (Gerona).<\/p>\n<p>Preside al frente de la Cofrad\u00eda una cruz negra de le\u00f1a, la antigua ten\u00eda los extremos plateados, con las insignias de los nazarenos doradas y colocadas en el centro de la cruz. <img loading=\"lazy\" decoding=\"async\" class=\"wp-image-209 alignleft\" src=\"http:\/\/imarques.info\/confraria\/wp-content\/uploads\/2019\/01\/1952100660_n.jpg\" alt=\"\" width=\"213\" height=\"255\" srcset=\"https:\/\/jesusdenatzaret.com\/wp-content\/uploads\/2019\/01\/1952100660_n.jpg 450w, https:\/\/jesusdenatzaret.com\/wp-content\/uploads\/2019\/01\/1952100660_n-250x300.jpg 250w, https:\/\/jesusdenatzaret.com\/wp-content\/uploads\/2019\/01\/1952100660_n-200x240.jpg 200w\" sizes=\"auto, (max-width: 213px) 100vw, 213px\" \/>Le segu\u00edan tres varas, la primera, que ostenta la insignia de los cofrades, es llevada por el \u201cConfrare Major\u201d, las otras dos, con otros emblemas de la Pasi\u00f3n, para el Secretario y el Tesorero.<\/p>\n<p>Los cofrades, van vestidos de t\u00fanica blanca (blanco natural) con botones de terciopelo morado, ce\u00f1ida al cuerpo por un cord\u00f3n del mismo color. <img loading=\"lazy\" decoding=\"async\" class=\"wp-image-160 alignright\" src=\"http:\/\/imarques.info\/confraria\/wp-content\/uploads\/2019\/01\/392799.h-501x1024.jpg\" alt=\"\" width=\"105\" height=\"215\" srcset=\"https:\/\/jesusdenatzaret.com\/wp-content\/uploads\/2019\/01\/392799.h-501x1024.jpg 501w, https:\/\/jesusdenatzaret.com\/wp-content\/uploads\/2019\/01\/392799.h-147x300.jpg 147w, https:\/\/jesusdenatzaret.com\/wp-content\/uploads\/2019\/01\/392799.h-768x1570.jpg 768w, https:\/\/jesusdenatzaret.com\/wp-content\/uploads\/2019\/01\/392799.h-200x409.jpg 200w, https:\/\/jesusdenatzaret.com\/wp-content\/uploads\/2019\/01\/392799.h-690x1411.jpg 690w, https:\/\/jesusdenatzaret.com\/wp-content\/uploads\/2019\/01\/392799.h.jpg 896w\" sizes=\"auto, (max-width: 105px) 100vw, 105px\" \/>El capirote es recubierto de terciopelo morado (el mismo que los botones) y es acabado de forma ovalada, figurando en el mismo y encima del pecho los emblemas de la Pasi\u00f3n: clavos y corona de espinas. Los emblemas destacan a colores, tonos grises los clavos y verde la corona de espinas, encima de un fondo blanco recortado con forma de cruz redondeada. Los zapatos negros y los guantes blancos complementan la vestimenta.<\/p>\n<p><img loading=\"lazy\" decoding=\"async\" class=\" wp-image-273 alignleft\" src=\"http:\/\/imarques.info\/confraria\/wp-content\/uploads\/2019\/01\/penitent-547x1024.jpg\" alt=\"\" width=\"139\" height=\"260\" srcset=\"https:\/\/jesusdenatzaret.com\/wp-content\/uploads\/2019\/01\/penitent-547x1024.jpg 547w, https:\/\/jesusdenatzaret.com\/wp-content\/uploads\/2019\/01\/penitent-160x300.jpg 160w, https:\/\/jesusdenatzaret.com\/wp-content\/uploads\/2019\/01\/penitent-768x1437.jpg 768w, https:\/\/jesusdenatzaret.com\/wp-content\/uploads\/2019\/01\/penitent-200x374.jpg 200w, https:\/\/jesusdenatzaret.com\/wp-content\/uploads\/2019\/01\/penitent-690x1291.jpg 690w, https:\/\/jesusdenatzaret.com\/wp-content\/uploads\/2019\/01\/penitent.jpg 776w\" sizes=\"auto, (max-width: 139px) 100vw, 139px\" \/>Pasados pocos a\u00f1os se cre\u00f3 otra secci\u00f3n de hermanos cofrades dentro de la misma cofrad\u00eda, son los \u201cPenitentes\u201d. Los penitentes van vestidos con t\u00fanica y capucha negra. La capucha les cae encima de la espalda, ya que no llevan el cucurucho de cart\u00f3n o de pl\u00e1stico que aguanta la forma del capirote. El cintur\u00f3n de esparto, guantes negros y alpargatas catalanas negras con cintas negras son el resto de su vestimenta. Al hombro llevan una cruz negra.<\/p>\n<p>A finales de los a\u00f1os 90 y despu\u00e9s de varios avisos por parte de los sucesivos rectores de la parroquia, de que la cofrad\u00eda no pod\u00eda seguir con aquella din\u00e1mica de dejadez, un grupo de cofrades se implicaron, formando a una gestora, para intentar recomponer la cofrad\u00eda y darle la dignidad y la seriedad que se merece. A partir de aqu\u00ed se aprobaron los actuales estatutos y el 10\/10\/01 es nombra la nueva Junta Directiva, saliendo elegido como presidente o Hermano mayor: <em><strong>Pedro Pons Cort\u00e9s<\/strong><\/em>.<\/p>\n<p>Poco a poco y a\u00f1o tras a\u00f1o se ha procurado introducir mejoras y sobre todo m\u00e1s compromiso por parte de todos. El resultado ha sido un aumento constante de cofrades, colaboradores y compromisos con la parroquia, a la vez que mejoras con respecto al material de la cofrad\u00eda:<\/p>\n<ul>\n<li>Sustituci\u00f3n de los cirios de cera por los de parafina (2002).<\/li>\n<li>Compra de tela propia para nuevos cofrades al fin de unificar color.<\/li>\n<li>Nuevo estandarte (2006) dise\u00f1ado por el anterior presidente: Toni Pic\u00f3. El estandarte es elaborado con terciopelo morado, el mismo que el los cofrades y lleva bordado el escudo de la cofrad\u00eda, el nombre, el a\u00f1o de fundaci\u00f3n y la parroquia a la que pertenecemos. Lo elaboro la cofrade Maria Pons. En el 2006 tambi\u00e9n se restauran las varas que llevan los miembros de la junta directiva con los s\u00edmbolos de la pasi\u00f3n.<\/li>\n<li>En el 2007, nueva iluminaci\u00f3n del paso la cual sustituye los antiguos candelabros de hierro por otros de orfebrer\u00eda, adquiridos en los talleres Arag\u00f3n orfebres. Tambi\u00e9n se incorpora un tambor para acompa\u00f1ar y marcar el paso a los portadores. Los penitentes recuperan su bandera (pend\u00f3n), despu\u00e9s de diversos a\u00f1os de no llevarla. Es de tela negra como su vestimenta, sin ning\u00fan tipo de insignia ni escudo, es larga en forma de tri\u00e1ngulo. Se lleva apoyada en el hombro y su longitud hace que se arrastre por el suelo.<\/li>\n<li>Siguiendo en la l\u00ednea de renovaci\u00f3n y mejoras, en el 2008 se incorporan dos nuevos faroles gu\u00eda de orfebrer\u00eda, sustituyendo a los antiguos de lat\u00f3n, se incorporan tambi\u00e9n dos nuevas varas con los s\u00edmbolos de la cofrad\u00eda y se elabora una nueva corona de espinas en dorado para la \u00a0cruz de gu\u00eda.<\/li>\n<li>En el 2009 siguiendo con las mejoras de la cofrad\u00eda se ha restaurado la imagen y las andas, sacando a relucir el dorado original y los colores ocultos por arreglos anteriores que se realizaron, a las andas adem\u00e1s de arreglos y pintura se le han a\u00f1adido adornos. Tambi\u00e9n se ha elaborado un nuevo sudario para la cruz de gu\u00eda que ha sido confeccionado y donado por la cofrade, M\u00aa JOS\u00c9 COLL MARQUES.<\/li>\n<li>Continuando este a\u00f1o 2010 con las ganas de mejorar nuestra cofrad\u00eda se ha adquirido para nuestra imagen del Nazareno una nueva corona de espinas, al estar bastante deteriorada la original, tambi\u00e9n se adquiere unos remates de cruz para darle m\u00e1s realce y vistosidad a la imagen.<\/li>\n<li>Este a\u00f1o 2011 las mejoras para la cofrad\u00eda han sido la adquisici\u00f3n de una nueva cruz gu\u00eda, nuevos b\u00e1culos y velas el\u00e9ctricas para nuestros cofrades m\u00e1s peque\u00f1os, af\u00edn de evitarles el peligro de las de fuego.<\/li>\n<li>Y finalmente en el a\u00f1o 2017 se incorpora unas nuevas andas para la imagen del Nazareno.<img loading=\"lazy\" decoding=\"async\" class=\"aligncenter  wp-image-284\" src=\"http:\/\/imarques.info\/confraria\/wp-content\/uploads\/2019\/01\/17861565_1387479901318705_4693289708867946084_n-1.jpg\" alt=\"\" width=\"439\" height=\"399\" srcset=\"https:\/\/jesusdenatzaret.com\/wp-content\/uploads\/2019\/01\/17861565_1387479901318705_4693289708867946084_n-1.jpg 702w, https:\/\/jesusdenatzaret.com\/wp-content\/uploads\/2019\/01\/17861565_1387479901318705_4693289708867946084_n-1-300x273.jpg 300w, https:\/\/jesusdenatzaret.com\/wp-content\/uploads\/2019\/01\/17861565_1387479901318705_4693289708867946084_n-1-200x182.jpg 200w, https:\/\/jesusdenatzaret.com\/wp-content\/uploads\/2019\/01\/17861565_1387479901318705_4693289708867946084_n-1-690x627.jpg 690w\" sizes=\"auto, (max-width: 439px) 100vw, 439px\" \/><\/li>\n<\/ul>\n","protected":false},"excerpt":{"rendered":"<p>La cofrad\u00eda de \u201cJes\u00fas Natzar\u00e8\u201d, fue fundada el a\u00f1o 1944. a instancias del Obispo Bartomeu Pascual Marroig. Es la primera&nbsp;[&hellip;]<\/p>\n","protected":false},"author":1,"featured_media":0,"parent":0,"menu_order":0,"comment_status":"closed","ping_status":"closed","template":"","meta":{"pgc_sgb_lightbox_settings":"","footnotes":""},"class_list":["post-54","page","type-page","status-publish","hentry","post-item clearfix"],"_links":{"self":[{"href":"https:\/\/jesusdenatzaret.com\/index.php?rest_route=\/wp\/v2\/pages\/54","targetHints":{"allow":["GET"]}}],"collection":[{"href":"https:\/\/jesusdenatzaret.com\/index.php?rest_route=\/wp\/v2\/pages"}],"about":[{"href":"https:\/\/jesusdenatzaret.com\/index.php?rest_route=\/wp\/v2\/types\/page"}],"author":[{"embeddable":true,"href":"https:\/\/jesusdenatzaret.com\/index.php?rest_route=\/wp\/v2\/users\/1"}],"replies":[{"embeddable":true,"href":"https:\/\/jesusdenatzaret.com\/index.php?rest_route=%2Fwp%2Fv2%2Fcomments&post=54"}],"version-history":[{"count":10,"href":"https:\/\/jesusdenatzaret.com\/index.php?rest_route=\/wp\/v2\/pages\/54\/revisions"}],"predecessor-version":[{"id":346,"href":"https:\/\/jesusdenatzaret.com\/index.php?rest_route=\/wp\/v2\/pages\/54\/revisions\/346"}],"wp:attachment":[{"href":"https:\/\/jesusdenatzaret.com\/index.php?rest_route=%2Fwp%2Fv2%2Fmedia&parent=54"}],"curies":[{"name":"wp","href":"https:\/\/api.w.org\/{rel}","templated":true}]}}