{"id":64,"date":"2018-12-30T11:26:21","date_gmt":"2018-12-30T10:26:21","guid":{"rendered":"http:\/\/imarques.info\/confraria\/?page_id=64"},"modified":"2019-01-07T15:33:18","modified_gmt":"2019-01-07T14:33:18","slug":"estatuts","status":"publish","type":"page","link":"https:\/\/jesusdenatzaret.com\/?page_id=64&lang=ca","title":{"rendered":"Estatuts"},"content":{"rendered":"<h3 id=\"mce_0\" class=\"editor-rich-text__tinymce mce-content-body\" role=\"textbox\" contenteditable=\"true\" aria-label=\"Escribe el encabezado\u2026\" aria-autocomplete=\"list\" aria-multiline=\"true\" data-is-placeholder-visible=\"false\"><span class=\"tlid-translation translation\"><span title=\"\">T\u00cdTOL<\/span> <span title=\"\">1 &#8211;<\/span> <span class=\"\" title=\"\">NATURALESA<\/span> <span title=\"\">I<\/span> <span title=\"\">DOMICILI<\/span> <span class=\"\" title=\"\">DE LA CONFRARIA.<\/span><\/span><\/h3>\n\n\n<ul class=\"wp-block-list\"><li><strong>ARTICLE 1. &#8211; NATURA.<\/strong> La confraria de Jes\u00fas de Natzaret \u00e9s una associaci\u00f3  privada de fidels (amb personalitat jur\u00eddica) constitu\u00efda a la Di\u00f2cesi  de Menorca, a la Parr\u00f2quia de Sant Francesc d&#8217;Ass\u00eds de Ciutadella, a  l\u2019empar del que estableix el vigent Codi de Dret Can\u00f2nic. La Confraria  es regir\u00e0 pels presents estatuts i per les disposicions del Dret Can\u00f2nic  vigent que li siguin aplicables.<\/li><li><strong>ARTICLE 2. &#8211; DOMICILI SOCIAL.<\/strong> La  Confraria t\u00e9 el seu domicili a la Parr\u00f2quia de Sant Francesc d&#8217;Ass\u00eds de  Ciutadella de Menorca.<\/li><\/ul>\n\n\n\n<h3 class=\"wp-block-heading\">TITOL 2 \u2013 FINALITATS.<\/h3>\n\n\n\n<ul class=\"wp-block-list\"><li><\/li><\/ul>\n\n\n\n<ul class=\"wp-block-list\"><li><strong>ARTICLE 3. &#8211; FINALITAT.<\/strong> La Confraria de Jes\u00fas de Natzaret es proposa les seg\u00fcents finalitats: el foment de la pietat, promoure al Culte div\u00ed, la formaci\u00f3 cristiana i l&#8217;exercici de la caritat fraterna.<\/li><li> <strong>ARTICLE 4.<\/strong> &#8211; Per aconseguir aquestes finalitats, la Confraria organitzar\u00e0 per si mateixa o convidar\u00e0 els seus membres a participar en xerrades i \/ o catequesi d&#8217;adults, organitzades en l&#8217;\u00e0mbit parroquial, arxiprestal o dioces\u00e0 sent urgent la necessitat d&#8217;assistir. Com tamb\u00e9 animar\u00e0 els confrares a comprometre en tasques de servei als germans, ja sigui formant part d&#8217;institucions eclesi\u00e0stiques de servei als germans, o b\u00e9 en institucions o associacions p\u00fabliques o privades que tinguin aquest mateix objectiu.<\/li><\/ul>\n\n\n\n<h3 class=\"wp-block-heading\">TITOL 3 \u2013 MENBRES DE LA CONFRARIA.<\/h3>\n\n\n\n<ul class=\"wp-block-list\"><li><strong>ARTICLE 5 .- INGR\u00c9S.<\/strong> Per poder ingressar a la Confraria aquelles persones que reuneixen les condicions exigides pel dret com\u00fa, accepten els presents estatuts i l\u00b4esperit de la Confraria. Per \u00e9sser membre de la Confraria s\u00b4haur\u00e0 de sol\u00b7licitar a la junta Directiva, mitjan\u00e7ant la presentaci\u00f3 o aval d\u00b4un altre confrare. La junta s\u00b4haur\u00e0 de pronuncia sobre l\u00b4accepteci\u00f3 del nou confrare. Aprovat l\u00b4ingr\u00e9s, aquest comprar\u00e0 l\u00b4h\u00e0bit de confrare, que t\u00e9 aquestes caracter\u00edstiques: T\u00fanica blanca amb botons forrats de vellut morat, caperutxa forrada de vellut morat en forma de museta, mostren en aquesta i sobre el pit, l\u00b4emblema de la Passi\u00f3: claus i corona d\u00b4espines que sobresurten, brodats en color, sobre fons blanc retallat en forma de creu, cingol de corda morada, guants blancs de fil i sabates negres, per la secci\u00f3 de portadors, i t\u00fanica negra i caperutxa negra acabada en forma de museta (sense cartr\u00f3), cintur\u00f3 de bargall\u00f3, guants negres i espardenyes catalanes blanques amb cintes negres, per la secci\u00f3 de penitents. L\u00b4h\u00e0bit dels confrares morts passar\u00e0 als seus descendents, que podran formar part de la Confraria, si aix\u00ed ho sol\u00b7liciten. Si no hi ha descendents, els familiars podran cedir l\u00b4habit, a petici\u00f3 de la Junta Directiva, perqu\u00e8 se\u00b4n pugui aprofitar alg\u00fa que vulgui ser confrare i no tengui mitjans per comprar-lo.<\/li><li> <strong>ARTICLE 6 .- DRETS I OBLIGACIONS.<\/strong> Tots els confrares tenen els mateixos drets i obligacions (no hi ha distinci\u00f3 de classes). Els confrares tenen els seg\u00fcents drets i obligacions: 1) Participar amb veu i vot a la Junta General, 2) Tenir vot actiu i passiu pels c\u00e0rrecs dirigents, 3) Acceptar el que es disposa en aquests estatuts i les decisions valides de la Junta General i de la Junta Directiva, 4) Participar activament en les activitats de la Confraria de cara a aconseguir les finalitats estatut\u00e0ries de la mateixa i 5) Contribu\u00efr amb la quota que s\u00b4estipuli en Junta General.<\/li><li> <strong>ARTICLE 7 <\/strong>.- Els menors, fills de confrares o altres que siguin apadrinats per un confrare adult, podran ser aspirants a confrares i vestir el mateix h\u00e0bit que els adults, per\u00f2 no tindran dret a veu i vot fins la majoria d\u00b4edat can\u00f2nica en que podran ser acceptats com a confrares de ple dret, si expressament ho sol\u00b7liciten i la Junta Directiva, d\u00b4acord amb el seu comportament, ho aprova.<\/li><li><strong>ARTICLE 8 .- BAIXES.<\/strong> Els membres de la Confraria seran baixa per decisi\u00f3 pr\u00f2pia i tamb\u00e9 per l\u00b4establert en el Dret Can\u00f2nic vigent i per l\u00b4incompliment reiterat i no justificat de les seves obligacions. En aquests casos la Junta Directiva escoltar\u00e0 primer el confrare interessat.<\/li><\/ul>\n\n\n\n<h3 class=\"wp-block-heading\">T\u00cdTOL 4 \u2013 GOVERN DE LA CONFRARIA.<\/h3>\n\n\n\n<ul class=\"wp-block-list\"><li><strong>ARTICLE 9 .- JUNTA GENERAL.<\/strong> LA Junta General est\u00e0 integrada per tots els membres de la Confraria i es l\u00b4\u00f3rgan suprem de govern de la mateixa.<\/li><li> <strong>ARTICLE 10 .- COMPET\u00c8NCIES.<\/strong> LA Junta General, presidida pel Germ\u00e0 Major de la Confraria, t\u00e9 les seg\u00fcents compet\u00e8ncies: aprovar la mem\u00f2ria anual de les activitats de la Confraria, aix\u00ed com el pla de futures actuacions; aprovar l\u00b4estat de comptes de l\u00b4exercici econ\u00f2mic anual i el pressupost ordinari i extraordinari (si n\u2019hi hagu\u00e9s); elegir el Germ\u00e0 Major i els membres de la Junta Directiva; fixar la quantitat de la quota ordin\u00e0ria i extraordin\u00e0ria que han de satisfer els confrares; aprovar les modificacions dels estatuts i acordar l\u00b4extinci\u00f3 de la Confraria; i tamb\u00e9 aprovar les disposicions de r\u00e8gim intern que es creguin oportunes.<\/li><li><strong>ARTICLE 11 .- CONVOCAT\u00d2RIA.<\/strong> LA Junta Directiva ordin\u00e0ria es celebrar\u00e0 anualment i ser\u00e0 convocada pel Germ\u00e0 Major amb 15 d\u00edes d\u00b4antelaci\u00f3, mitjan\u00e7ant convocat\u00f2ria per escrit que el secretari dirigir\u00e0 a cada un dels confrares, al seu propi domicili. A la convocat\u00f2ria, constar\u00e0 dia, hora i lloc de la reuni\u00f3 i l\u00b4ordre del dia de la mateixa.<\/li><li> <strong>ARTICLE 12 .- JUNTA GENERAL EXTRAORDINARIA.<\/strong> EL Germ\u00e0 Major, a iniciativa pr\u00f2pia o a petici\u00f3 de la Junta Directiva o d\u00b4una quinta part dels Confrares, podr\u00e0 convocar una Junta General Extraordin\u00e0ria, assenyalant l\u00b4orde del dia de la mateixa.<\/li><li> <strong>ARTICLE 13 .- JUNTA DIRECTIVA.<\/strong> La Junta Directiva \u00e9s l\u00b4\u00f2rgan executiu de la Confraria que esta integrada pel Germ\u00e0 Major, Secretari, Tresorer, Consiliari i no mes de cinc vocals. Els membres d\u00b4aquesta Junta Directiva, excepte el Consiliari, s\u00f3n elegits per un termini de 4 anys i es renovaran per meitats, podent<\/li><li> ser reelegits.<\/li><li><strong>ARTICLE 14 .- COMPET\u00c8NCIES<\/strong>. LES Compet\u00e8ncies de la Junta Directiva s\u00f3n: executar els acords v\u00e0lids de la Junta General, aprovar l\u00b4estat de comptes de l\u00b4exercici econ\u00f2mic i aprovar el pressupost anual ordinari, preparat pel tresorer, abans de ser presentat a la Junta General, preparar l\u00b4ordre del dia de la Junta General, admetre els nous membres de la Confraria, i decidir la baixa dels membres, d\u00b4acord amb l\u00b4article 6 d\u00b4aquests estatuts.<\/li><li> <strong>ARTICLE 15 .- REUNIONS.<\/strong> La Junta Directiva celebrar\u00e0 almanco tres reunions a l\u00b4any. A m\u00e9s es podr\u00e0 reunir sempre que la convoqui el Germ\u00e0 Major o ho demani un ter\u00e7 de la mateixa. La manera de celebrar i convocar les reunions ho establir\u00e0 la mateixa Junta Directiva.<\/li><li><strong> ARTICLE 16 .- EL GERM\u00c0 MAJOR O PRESIDENT.<\/strong> El Germ\u00e0 Major o president de la Confraria, ostenta la representaci\u00f3 de la mateixa, i te les seg\u00fcents funcions: 1) Presidir i dirigir la Junta General i les reunions de la Junta directiva. 2) Manar la convocat\u00f2ria i assenyalar l\u00b4ordre del dia en les reunions d\u00b4aquests \u00f2rgans. 3) Dirigir les votacions i al\u00e7ar les sessions. 4) Comunicar a l\u00b4ordinari dioces\u00e0, els membres elegits per a formar part de la Junta Directiva, aix\u00ed com l\u00b4estat anual de comptes, el canvi de domicili social, les modificacions dels estatuts i l\u00b4exteincio de la Confraria. 5) Formar part del Consell Parroquial de la Parr\u00f2quia de Sant Francesc d\u00b4Ass\u00eds. El Germ\u00e0 Major haur\u00e0 de ser confirmat pel Bisbe Dioces\u00e0.<\/li><li> <strong>ARTICLE 17 .- GERMA SEGON O VICEPRESIDENT.<\/strong> Si es nomena Germ\u00e0 Segon o Vicepresident, perqu\u00e8 es creu oport\u00fa, aquest substituir\u00e0 el Germ\u00e0 Major o President en totes les funcions quan aquest no pugui actuar. La seva elecci\u00f3 tamb\u00e9 ha de ser confirmada pel Bisbe Dioces\u00e0.<\/li><li> <strong>ARTICLE 18 .- SEGRETARI.<\/strong> El secretari de la Confraria, que ho ser\u00e0 tamb\u00e9 de la Junta Directiva, t\u00e9 les seg\u00fcents funcions: 1) Trametre, per ordre del Germ\u00e0 Major, les convocat\u00f2ries de la Junta General i de la Junta Directiva. 2) Al\u00e7ar acta de les reunions on figurin els temes tractats i els acords presos. 3) Procurar que es duguin a terme els acords presos. 4) Dur el registre d\u00b4altes i baixes de la Confraria. 5) Certificar documents de la Confraria amb el vist i plau del Germ\u00e0 Major. 6) Tenir cura de l\u00b4Arxiu de la Confraria.<\/li><li><strong>ARTICLE 19 .- TRESORER.<\/strong> El tresorer de la Confraria tindr\u00e0 les seg\u00fcents funcions: 1) Recaptar dels Confrares la quota fixada segons els estatuts. 2) Dur i presentar l\u00b4estat de comptes de l\u00b4exercici econ\u00f2mic i el pressupost ordinari i extraordinari de la Confraria. 3) Administrar els bens de la Confraria d\u00b4acord amb el que s\u00b4hagi decidit en Junta General i lo establert en el dret com\u00fa.<\/li><li> <strong>ARTICLE 20 .- VOCALS.<\/strong> Als Vocals se\u2019ls assignar\u00e0 la tasca que la Junta Directiva cregui convenient pel normal desenvolupament de la Confraria.<\/li><li> <strong>ARTICLE 21 .- CONSILIARI.<\/strong> El Consiliari ser\u00e0 el Rector de la Parr\u00f2quia de la Parr\u00f2quia de Sant Francesc d\u00b4Ass\u00eds de Ciutadella o el qui aquest, d\u00b4acord amb l\u00b4ordinari, nomeni. En el cas que no sigui el Rector, ser\u00e0 nomenat per quatre anys renovables. El Consiliari assistir\u00e0 a les reunions de la Junta General i Directiva amb veu i vot. La seva funci\u00f3 fonamental \u00e9s l\u00b4animacio espiritual dels confrares, l\u00b4orientacio pastoral de les decisions, contribuir a que aquests mantinguin la naturalesa i finalitats eclesials, fomentant la participaci\u00f3 de la mateixa als plans pastorals parroquials i diocesans d\u00b4acord amb les finalitats de la Confraria.<\/li><\/ul>\n\n\n\n<h3 class=\"wp-block-heading\">TITOL 5 \u2013 REUNIONS I ACORDS DE LA CONFRARIA.<\/h3>\n\n\n\n<ul class=\"wp-block-list\"><li><strong>ARTICLE 22 .- REUNIONS I ACORDS DE LA CONFRARIA.<\/strong> La Junta General quedar\u00e0 constitu\u00efda en primera convocat\u00f2ria amb la pres\u00e8ncia de la majoria absoluta dels convocats i en segona convocat\u00f2ria amb els presents.<\/li><li> <strong>ARTICLE 23 .- ACORDS.<\/strong> Es considerar\u00e0n v\u00e0lids aquells acords que hagin obtingut la majoria absoluta de vots en les dues primeres votacions i en el cas de<\/li><li> l\u00b4eleccio dels membres de la Junta Directiva en la tercera votaci\u00f3 per majoria<\/li><li> relativa.<\/li><\/ul>\n\n\n\n<h3 class=\"wp-block-heading\">TITOL 6 \u2013 FACULTATS DE L\u00b4AUTORITAT ECLESI\u00c0STICA.<\/h3>\n\n\n\n<ul class=\"wp-block-list\"><li><strong>ARTICLE 24 .- EL BISBE DIOCES\u00c0.<\/strong> Correspon al Bisbe Dioces\u00e0: 1) El dret de visita i inspecci\u00f3 de totes les activitats de la Confraria. 2) L\u00b4aprovacio dels comptes anuals de la Confraria, com tamb\u00e9 la facultat d\u00b4exigir, en qualsevol moment, lliurament detallat dels comptes. 3) Reconeixement dels Estatuts. 5) La dissoluci\u00f3 de la Confraria d\u00b4acord amb el Dret, i 6) Les altres facultats que el Dret Can\u00f2nic li atribueix.<\/li><\/ul>\n\n\n\n<h3 class=\"wp-block-heading\">TITOL 7 \u2013 MODIFICACI\u00d3 DELS ESTATUTS I DISSOLUCI\u00d3 DE LA CONFRARIA.<\/h3>\n\n\n\n<ul class=\"wp-block-list\"><li><strong>ARTICLE 25 .- MODIFICACI\u00d3 DELS ESTATUTS.<\/strong> La modificaci\u00f3 dels estatuts s\u00b4haur\u00e0 d\u00b4aprovar per la Junta General en una reuni\u00f3 extraordin\u00e0ria amb aquest punt \u00fanic de l\u00b4ordre del dia en una \u00fanica votaci\u00f3 valida amb la majoria dels 2\/3 dels vots. Les modificacions, una vegada aprovades per la Junta General, necessitaran L\u00b4aprovacio del Bisbe Dioces\u00e0 per entrar en vigor.<\/li><li> <strong>ARTICLE 26 .- EXTINCI\u00d3 I DISSOLUCI\u00d3.<\/strong>  La Confraria podr\u00e0 extingir-se per decisi\u00f3 de la Junta General extraordin\u00e0ria presa en una \u00fanica votaci\u00f3 valida amb la majoria dels 2\/3 dels vots. Podr\u00e0 ser suprimida pal Bisbe Dioces\u00e0 si l\u00b4activitat de la Confraria ocasiona greu perjudici a la doctrina o disciplina eclesi\u00e0stica, o provoques esc\u00e0ndol als fels, tal com esta establert en el Dret.<\/li><li> <strong>ARTICLE 27 .- DEST\u00cd DELS B\u00c9NS.<\/strong> En cas d\u00b4extincio o supressi\u00f3 de la Confraria, els bens de la mateixa, seran entregats per la Junta Directiva a institucions eclesials ben\u00e8fiques de la Di\u00f2cesi d\u00b4acord amb el que determini la<\/li><li> Junta General extraordin\u00e0ria de dissoluci\u00f3.<\/li><\/ul>\n","protected":false},"excerpt":{"rendered":"<p>T\u00cdTOL 1 &#8211; NATURALESA I DOMICILI DE LA CONFRARIA. ARTICLE 1. &#8211; NATURA. La confraria de Jes\u00fas de Natzaret \u00e9s&nbsp;[&hellip;]<\/p>\n","protected":false},"author":1,"featured_media":0,"parent":0,"menu_order":0,"comment_status":"closed","ping_status":"closed","template":"","meta":{"pgc_sgb_lightbox_settings":"","footnotes":""},"class_list":["post-64","page","type-page","status-publish","hentry","post-item clearfix"],"_links":{"self":[{"href":"https:\/\/jesusdenatzaret.com\/index.php?rest_route=\/wp\/v2\/pages\/64","targetHints":{"allow":["GET"]}}],"collection":[{"href":"https:\/\/jesusdenatzaret.com\/index.php?rest_route=\/wp\/v2\/pages"}],"about":[{"href":"https:\/\/jesusdenatzaret.com\/index.php?rest_route=\/wp\/v2\/types\/page"}],"author":[{"embeddable":true,"href":"https:\/\/jesusdenatzaret.com\/index.php?rest_route=\/wp\/v2\/users\/1"}],"replies":[{"embeddable":true,"href":"https:\/\/jesusdenatzaret.com\/index.php?rest_route=%2Fwp%2Fv2%2Fcomments&post=64"}],"version-history":[{"count":6,"href":"https:\/\/jesusdenatzaret.com\/index.php?rest_route=\/wp\/v2\/pages\/64\/revisions"}],"predecessor-version":[{"id":116,"href":"https:\/\/jesusdenatzaret.com\/index.php?rest_route=\/wp\/v2\/pages\/64\/revisions\/116"}],"wp:attachment":[{"href":"https:\/\/jesusdenatzaret.com\/index.php?rest_route=%2Fwp%2Fv2%2Fmedia&parent=64"}],"curies":[{"name":"wp","href":"https:\/\/api.w.org\/{rel}","templated":true}]}}